{"id":846,"date":"2024-04-15T07:29:58","date_gmt":"2024-04-15T10:29:58","guid":{"rendered":"https:\/\/servicosmr.com\/?page_id=846"},"modified":"2024-04-15T07:30:18","modified_gmt":"2024-04-15T10:30:18","slug":"eletrica-2","status":"publish","type":"page","link":"https:\/\/servicosmr.com\/index.php\/eletrica-2\/","title":{"rendered":"El\u00e9trica"},"content":{"rendered":"\t\t<div data-elementor-type=\"wp-page\" data-elementor-id=\"846\" class=\"elementor elementor-846\" data-elementor-post-type=\"page\">\n\t\t\t\t\t\t\t<div class=\"elementor-element elementor-element-e082966 e-flex e-con-boxed e-con e-parent\" data-id=\"e082966\" data-element_type=\"container\" data-settings=\"{&quot;content_width&quot;:&quot;boxed&quot;}\" data-core-v316-plus=\"true\">\n\t\t\t\t\t<div class=\"e-con-inner\">\n\t\t\t\t<div class=\"elementor-element elementor-element-584476b elementor-widget elementor-widget-text-editor\" data-id=\"584476b\" data-element_type=\"widget\" data-widget_type=\"text-editor.default\">\n\t\t\t\t<div class=\"elementor-widget-container\">\n\t\t\t<style>\/*! elementor - v3.17.0 - 08-11-2023 *\/\n.elementor-widget-text-editor.elementor-drop-cap-view-stacked .elementor-drop-cap{background-color:#69727d;color:#fff}.elementor-widget-text-editor.elementor-drop-cap-view-framed .elementor-drop-cap{color:#69727d;border:3px solid;background-color:transparent}.elementor-widget-text-editor:not(.elementor-drop-cap-view-default) .elementor-drop-cap{margin-top:8px}.elementor-widget-text-editor:not(.elementor-drop-cap-view-default) .elementor-drop-cap-letter{width:1em;height:1em}.elementor-widget-text-editor .elementor-drop-cap{float:left;text-align:center;line-height:1;font-size:50px}.elementor-widget-text-editor .elementor-drop-cap-letter{display:inline-block}<\/style>\t\t\t\tO servi\u00e7o el\u00e9trico \u00e9 crucial para o funcionamento seguro e eficiente de qualquer embarca\u00e7\u00e3o. Nossos eletricistas navais s\u00e3o altamente treinados para instalar, testar e manter sistemas el\u00e9tricos complexos a bordo, assegurando que todos os componentes funcionem harmoniosamente e estejam em conformidade com as normas internacionais de seguran\u00e7a.\t\t\t\t\t\t<\/div>\n\t\t\t\t<\/div>\n\t\t\t\t\t<\/div>\n\t\t\t\t<\/div>\n\t\t\t\t\t\t\t<\/div>\n\t\t","protected":false},"excerpt":{"rendered":"<p>O servi\u00e7o el\u00e9trico \u00e9 crucial para o funcionamento seguro e eficiente de qualquer embarca\u00e7\u00e3o. Nossos eletricistas navais s\u00e3o altamente treinados para instalar, testar e manter sistemas el\u00e9tricos complexos a bordo, assegurando que todos os componentes funcionem harmoniosamente e estejam em conformidade com as normas internacionais de seguran\u00e7a.<\/p>\n","protected":false},"author":1,"featured_media":0,"parent":0,"menu_order":0,"comment_status":"closed","ping_status":"closed","template":"","meta":{"_joinchat":[],"footnotes":""},"blocksy_meta":[],"_links":{"self":[{"href":"https:\/\/servicosmr.com\/index.php\/wp-json\/wp\/v2\/pages\/846"}],"collection":[{"href":"https:\/\/servicosmr.com\/index.php\/wp-json\/wp\/v2\/pages"}],"about":[{"href":"https:\/\/servicosmr.com\/index.php\/wp-json\/wp\/v2\/types\/page"}],"author":[{"embeddable":true,"href":"https:\/\/servicosmr.com\/index.php\/wp-json\/wp\/v2\/users\/1"}],"replies":[{"embeddable":true,"href":"https:\/\/servicosmr.com\/index.php\/wp-json\/wp\/v2\/comments?post=846"}],"version-history":[{"count":4,"href":"https:\/\/servicosmr.com\/index.php\/wp-json\/wp\/v2\/pages\/846\/revisions"}],"predecessor-version":[{"id":850,"href":"https:\/\/servicosmr.com\/index.php\/wp-json\/wp\/v2\/pages\/846\/revisions\/850"}],"wp:attachment":[{"href":"https:\/\/servicosmr.com\/index.php\/wp-json\/wp\/v2\/media?parent=846"}],"curies":[{"name":"wp","href":"https:\/\/api.w.org\/{rel}","templated":true}]}}