{"id":832,"date":"2024-04-15T07:24:01","date_gmt":"2024-04-15T10:24:01","guid":{"rendered":"https:\/\/servicosmr.com\/?page_id=832"},"modified":"2024-04-15T07:24:15","modified_gmt":"2024-04-15T10:24:15","slug":"hidrojateamento","status":"publish","type":"page","link":"https:\/\/servicosmr.com\/index.php\/hidrojateamento\/","title":{"rendered":"Hidrojateamento"},"content":{"rendered":"\t\t<div data-elementor-type=\"wp-page\" data-elementor-id=\"832\" class=\"elementor elementor-832\" data-elementor-post-type=\"page\">\n\t\t\t\t\t\t\t<div class=\"elementor-element elementor-element-e082966 e-flex e-con-boxed e-con e-parent\" data-id=\"e082966\" data-element_type=\"container\" data-settings=\"{&quot;content_width&quot;:&quot;boxed&quot;}\" data-core-v316-plus=\"true\">\n\t\t\t\t\t<div class=\"e-con-inner\">\n\t\t\t\t<div class=\"elementor-element elementor-element-584476b elementor-widget elementor-widget-text-editor\" data-id=\"584476b\" data-element_type=\"widget\" data-widget_type=\"text-editor.default\">\n\t\t\t\t<div class=\"elementor-widget-container\">\n\t\t\t<style>\/*! elementor - v3.17.0 - 08-11-2023 *\/\n.elementor-widget-text-editor.elementor-drop-cap-view-stacked .elementor-drop-cap{background-color:#69727d;color:#fff}.elementor-widget-text-editor.elementor-drop-cap-view-framed .elementor-drop-cap{color:#69727d;border:3px solid;background-color:transparent}.elementor-widget-text-editor:not(.elementor-drop-cap-view-default) .elementor-drop-cap{margin-top:8px}.elementor-widget-text-editor:not(.elementor-drop-cap-view-default) .elementor-drop-cap-letter{width:1em;height:1em}.elementor-widget-text-editor .elementor-drop-cap{float:left;text-align:center;line-height:1;font-size:50px}.elementor-widget-text-editor .elementor-drop-cap-letter{display:inline-block}<\/style>\t\t\t\tO servi\u00e7o de hidrojateamento utiliza jatos de \u00e1gua de alta press\u00e3o para limpar e preparar superf\u00edcies de embarca\u00e7\u00f5es. Esta t\u00e9cnica \u00e9 extremamente eficaz na remo\u00e7\u00e3o de incrusta\u00e7\u00f5es, ferrugens e outros tipos de sujeira sem danificar o material base. Ideal para limpezas profundas e prepara\u00e7\u00e3o de superf\u00edcies para pintura ou outros tratamentos, o hidrojateamento \u00e9 uma solu\u00e7\u00e3o ecol\u00f3gica que garante resultados excepcionais, mantendo a integridade e aumentando a vida \u00fatil das estruturas tratadas.\t\t\t\t\t\t<\/div>\n\t\t\t\t<\/div>\n\t\t\t\t\t<\/div>\n\t\t\t\t<\/div>\n\t\t\t\t\t\t\t<\/div>\n\t\t","protected":false},"excerpt":{"rendered":"<p>O servi\u00e7o de hidrojateamento utiliza jatos de \u00e1gua de alta press\u00e3o para limpar e preparar superf\u00edcies de embarca\u00e7\u00f5es. Esta t\u00e9cnica \u00e9 extremamente eficaz na remo\u00e7\u00e3o de incrusta\u00e7\u00f5es, ferrugens e outros tipos de sujeira sem danificar o material base. Ideal para limpezas profundas e prepara\u00e7\u00e3o de superf\u00edcies para pintura ou outros tratamentos, o hidrojateamento \u00e9 uma [&hellip;]<\/p>\n","protected":false},"author":1,"featured_media":0,"parent":0,"menu_order":0,"comment_status":"closed","ping_status":"closed","template":"","meta":{"_joinchat":[],"footnotes":""},"blocksy_meta":[],"_links":{"self":[{"href":"https:\/\/servicosmr.com\/index.php\/wp-json\/wp\/v2\/pages\/832"}],"collection":[{"href":"https:\/\/servicosmr.com\/index.php\/wp-json\/wp\/v2\/pages"}],"about":[{"href":"https:\/\/servicosmr.com\/index.php\/wp-json\/wp\/v2\/types\/page"}],"author":[{"embeddable":true,"href":"https:\/\/servicosmr.com\/index.php\/wp-json\/wp\/v2\/users\/1"}],"replies":[{"embeddable":true,"href":"https:\/\/servicosmr.com\/index.php\/wp-json\/wp\/v2\/comments?post=832"}],"version-history":[{"count":4,"href":"https:\/\/servicosmr.com\/index.php\/wp-json\/wp\/v2\/pages\/832\/revisions"}],"predecessor-version":[{"id":836,"href":"https:\/\/servicosmr.com\/index.php\/wp-json\/wp\/v2\/pages\/832\/revisions\/836"}],"wp:attachment":[{"href":"https:\/\/servicosmr.com\/index.php\/wp-json\/wp\/v2\/media?parent=832"}],"curies":[{"name":"wp","href":"https:\/\/api.w.org\/{rel}","templated":true}]}}