{"id":827,"date":"2024-04-15T07:19:54","date_gmt":"2024-04-15T10:19:54","guid":{"rendered":"https:\/\/servicosmr.com\/?page_id=827"},"modified":"2024-04-15T07:20:11","modified_gmt":"2024-04-15T10:20:11","slug":"pcm-terceirizado","status":"publish","type":"page","link":"https:\/\/servicosmr.com\/index.php\/pcm-terceirizado\/","title":{"rendered":"PCM Terceirizado"},"content":{"rendered":"\t\t<div data-elementor-type=\"wp-page\" data-elementor-id=\"827\" class=\"elementor elementor-827\" data-elementor-post-type=\"page\">\n\t\t\t\t\t\t\t<div class=\"elementor-element elementor-element-e082966 e-flex e-con-boxed e-con e-parent\" data-id=\"e082966\" data-element_type=\"container\" data-settings=\"{&quot;content_width&quot;:&quot;boxed&quot;}\" data-core-v316-plus=\"true\">\n\t\t\t\t\t<div class=\"e-con-inner\">\n\t\t\t\t<div class=\"elementor-element elementor-element-584476b elementor-widget elementor-widget-text-editor\" data-id=\"584476b\" data-element_type=\"widget\" data-widget_type=\"text-editor.default\">\n\t\t\t\t<div class=\"elementor-widget-container\">\n\t\t\t<style>\/*! elementor - v3.17.0 - 08-11-2023 *\/\n.elementor-widget-text-editor.elementor-drop-cap-view-stacked .elementor-drop-cap{background-color:#69727d;color:#fff}.elementor-widget-text-editor.elementor-drop-cap-view-framed .elementor-drop-cap{color:#69727d;border:3px solid;background-color:transparent}.elementor-widget-text-editor:not(.elementor-drop-cap-view-default) .elementor-drop-cap{margin-top:8px}.elementor-widget-text-editor:not(.elementor-drop-cap-view-default) .elementor-drop-cap-letter{width:1em;height:1em}.elementor-widget-text-editor .elementor-drop-cap{float:left;text-align:center;line-height:1;font-size:50px}.elementor-widget-text-editor .elementor-drop-cap-letter{display:inline-block}<\/style>\t\t\t\tO PCM (Planejamento e Controle de Manuten\u00e7\u00e3o) terceirizado oferece uma solu\u00e7\u00e3o completa para o gerenciamento de todas as atividades de manuten\u00e7\u00e3o de sua frota. Com nossa experi\u00eancia e ferramentas especializadas, tomamos conta do planejamento, programa\u00e7\u00e3o e execu\u00e7\u00e3o da manuten\u00e7\u00e3o, permitindo que voc\u00ea se concentre no seu core business com a certeza de que suas embarca\u00e7\u00f5es est\u00e3o sendo cuidadas por profissionais.\t\t\t\t\t\t<\/div>\n\t\t\t\t<\/div>\n\t\t\t\t\t<\/div>\n\t\t\t\t<\/div>\n\t\t\t\t\t\t\t<\/div>\n\t\t","protected":false},"excerpt":{"rendered":"<p>O PCM (Planejamento e Controle de Manuten\u00e7\u00e3o) terceirizado oferece uma solu\u00e7\u00e3o completa para o gerenciamento de todas as atividades de manuten\u00e7\u00e3o de sua frota. Com nossa experi\u00eancia e ferramentas especializadas, tomamos conta do planejamento, programa\u00e7\u00e3o e execu\u00e7\u00e3o da manuten\u00e7\u00e3o, permitindo que voc\u00ea se concentre no seu core business com a certeza de que suas embarca\u00e7\u00f5es [&hellip;]<\/p>\n","protected":false},"author":1,"featured_media":0,"parent":0,"menu_order":0,"comment_status":"closed","ping_status":"closed","template":"","meta":{"_joinchat":[],"footnotes":""},"blocksy_meta":[],"_links":{"self":[{"href":"https:\/\/servicosmr.com\/index.php\/wp-json\/wp\/v2\/pages\/827"}],"collection":[{"href":"https:\/\/servicosmr.com\/index.php\/wp-json\/wp\/v2\/pages"}],"about":[{"href":"https:\/\/servicosmr.com\/index.php\/wp-json\/wp\/v2\/types\/page"}],"author":[{"embeddable":true,"href":"https:\/\/servicosmr.com\/index.php\/wp-json\/wp\/v2\/users\/1"}],"replies":[{"embeddable":true,"href":"https:\/\/servicosmr.com\/index.php\/wp-json\/wp\/v2\/comments?post=827"}],"version-history":[{"count":4,"href":"https:\/\/servicosmr.com\/index.php\/wp-json\/wp\/v2\/pages\/827\/revisions"}],"predecessor-version":[{"id":831,"href":"https:\/\/servicosmr.com\/index.php\/wp-json\/wp\/v2\/pages\/827\/revisions\/831"}],"wp:attachment":[{"href":"https:\/\/servicosmr.com\/index.php\/wp-json\/wp\/v2\/media?parent=827"}],"curies":[{"name":"wp","href":"https:\/\/api.w.org\/{rel}","templated":true}]}}