{"id":809,"date":"2024-04-15T07:13:10","date_gmt":"2024-04-15T10:13:10","guid":{"rendered":"https:\/\/servicosmr.com\/?page_id=809"},"modified":"2024-04-15T07:14:22","modified_gmt":"2024-04-15T10:14:22","slug":"eletrica","status":"publish","type":"page","link":"https:\/\/servicosmr.com\/index.php\/eletrica\/","title":{"rendered":"Caldeiraria e Solda"},"content":{"rendered":"\t\t<div data-elementor-type=\"wp-page\" data-elementor-id=\"809\" class=\"elementor elementor-809\" data-elementor-post-type=\"page\">\n\t\t\t\t\t\t\t<div class=\"elementor-element elementor-element-e082966 e-flex e-con-boxed e-con e-parent\" data-id=\"e082966\" data-element_type=\"container\" data-settings=\"{&quot;content_width&quot;:&quot;boxed&quot;}\" data-core-v316-plus=\"true\">\n\t\t\t\t\t<div class=\"e-con-inner\">\n\t\t\t\t<div class=\"elementor-element elementor-element-584476b elementor-widget elementor-widget-text-editor\" data-id=\"584476b\" data-element_type=\"widget\" data-widget_type=\"text-editor.default\">\n\t\t\t\t<div class=\"elementor-widget-container\">\n\t\t\t<style>\/*! elementor - v3.17.0 - 08-11-2023 *\/\n.elementor-widget-text-editor.elementor-drop-cap-view-stacked .elementor-drop-cap{background-color:#69727d;color:#fff}.elementor-widget-text-editor.elementor-drop-cap-view-framed .elementor-drop-cap{color:#69727d;border:3px solid;background-color:transparent}.elementor-widget-text-editor:not(.elementor-drop-cap-view-default) .elementor-drop-cap{margin-top:8px}.elementor-widget-text-editor:not(.elementor-drop-cap-view-default) .elementor-drop-cap-letter{width:1em;height:1em}.elementor-widget-text-editor .elementor-drop-cap{float:left;text-align:center;line-height:1;font-size:50px}.elementor-widget-text-editor .elementor-drop-cap-letter{display:inline-block}<\/style>\t\t\t\tA caldeiraria e solda s\u00e3o fundamentais na constru\u00e7\u00e3o e reparo de estruturas met\u00e1licas em embarca\u00e7\u00f5es. Nossos servi\u00e7os incluem fabrica\u00e7\u00e3o, montagem e reparo de pe\u00e7as e estruturas atrav\u00e9s de t\u00e9cnicas avan\u00e7adas de soldagem e montagem, proporcionando solu\u00e7\u00f5es robustas e duradouras que resistem \u00e0s condi\u00e7\u00f5es adversas do ambiente marinho.\t\t\t\t\t\t<\/div>\n\t\t\t\t<\/div>\n\t\t\t\t\t<\/div>\n\t\t\t\t<\/div>\n\t\t\t\t\t\t\t<\/div>\n\t\t","protected":false},"excerpt":{"rendered":"<p>A caldeiraria e solda s\u00e3o fundamentais na constru\u00e7\u00e3o e reparo de estruturas met\u00e1licas em embarca\u00e7\u00f5es. Nossos servi\u00e7os incluem fabrica\u00e7\u00e3o, montagem e reparo de pe\u00e7as e estruturas atrav\u00e9s de t\u00e9cnicas avan\u00e7adas de soldagem e montagem, proporcionando solu\u00e7\u00f5es robustas e duradouras que resistem \u00e0s condi\u00e7\u00f5es adversas do ambiente marinho.<\/p>\n","protected":false},"author":1,"featured_media":0,"parent":0,"menu_order":0,"comment_status":"closed","ping_status":"closed","template":"","meta":{"_joinchat":[],"footnotes":""},"blocksy_meta":[],"_links":{"self":[{"href":"https:\/\/servicosmr.com\/index.php\/wp-json\/wp\/v2\/pages\/809"}],"collection":[{"href":"https:\/\/servicosmr.com\/index.php\/wp-json\/wp\/v2\/pages"}],"about":[{"href":"https:\/\/servicosmr.com\/index.php\/wp-json\/wp\/v2\/types\/page"}],"author":[{"embeddable":true,"href":"https:\/\/servicosmr.com\/index.php\/wp-json\/wp\/v2\/users\/1"}],"replies":[{"embeddable":true,"href":"https:\/\/servicosmr.com\/index.php\/wp-json\/wp\/v2\/comments?post=809"}],"version-history":[{"count":8,"href":"https:\/\/servicosmr.com\/index.php\/wp-json\/wp\/v2\/pages\/809\/revisions"}],"predecessor-version":[{"id":817,"href":"https:\/\/servicosmr.com\/index.php\/wp-json\/wp\/v2\/pages\/809\/revisions\/817"}],"wp:attachment":[{"href":"https:\/\/servicosmr.com\/index.php\/wp-json\/wp\/v2\/media?parent=809"}],"curies":[{"name":"wp","href":"https:\/\/api.w.org\/{rel}","templated":true}]}}